{"id":8302,"date":"2024-02-19T22:25:27","date_gmt":"2024-02-19T22:25:27","guid":{"rendered":"https:\/\/lfs.tax\/?page_id=8302"},"modified":"2024-01-31T17:20:07","modified_gmt":"2024-01-31T17:20:07","slug":"yesica-baigorri","status":"publish","type":"page","link":"https:\/\/lfs.tax\/es\/yesica-baigorri\/","title":{"rendered":"Y\u00e9sica Baigorri"},"content":{"rendered":"\t\t<div data-elementor-type=\"wp-page\" data-elementor-id=\"8302\" class=\"elementor elementor-8302\">\n\t\t\t\t\t\t<div class=\" elementor-section elementor-inner-section elementor-element elementor-element-655950a elementor-section-full_width animated-slow elementor-section-height-default elementor-section-height-default elementor-invisible\" data-id=\"655950a\" data-element_type=\"section\" data-settings=\"{&quot;animation&quot;:&quot;fadeInUp&quot;}\">\n\t\t\t\t\t\t<div class=\"elementor-container elementor-column-gap-extended\">\n\t\t\t\t\t<div class=\"elementor-column elementor-col-50 elementor-inner-column elementor-element elementor-element-8dff656\" data-id=\"8dff656\" data-element_type=\"column\">\n\t\t\t<div class=\"elementor-widget-wrap elementor-element-populated\">\n\t\t\t\t\t\t<div class=\"elementor-element elementor-element-0f02b1c elementor-widget elementor-widget-rodio_heading\" data-id=\"0f02b1c\" data-element_type=\"widget\" data-widget_type=\"rodio_heading.default\">\n\t\t\t\t<div class=\"elementor-widget-container\">\n\t\t\t\t\t\t<div class=\"heading normal\">\n        <h1>Y\u00e9sica Baigorri<\/h1>    <\/div>\n\t\t\t\t\t<\/div>\n\t\t\t\t<\/div>\n\t\t\t\t<div class=\"elementor-element elementor-element-4fd4059 elementor-widget elementor-widget-text-editor\" data-id=\"4fd4059\" data-element_type=\"widget\" data-widget_type=\"text-editor.default\">\n\t\t\t\t\t\t\t\t\t<h2>ASOCIADA<\/h2>\t\t\t\t\t\t\t\t<\/div>\n\t\t\t\t<div class=\"elementor-element elementor-element-385a7ce elementor-widget elementor-widget-text-editor\" data-id=\"385a7ce\" data-element_type=\"widget\" data-widget_type=\"text-editor.default\">\n\t\t\t\t\t\t\t\t\t<p><span style=\"font-weight: 400;\">Y\u00e9sica es asociada del departamento de Impuestos y cuenta con m\u00e1s de 10 a\u00f1os de experiencia en asesoramiento impositivo, determinaci\u00f3n de impuestos y resoluci\u00f3n de inspecciones, tanto de clientes de capitales nacionales como de grupos internacionales, a quienes apoya en temas de consultor\u00eda y cumplimiento legal.<\/span><\/p><p><span style=\"font-weight: 400;\">Trabaja arduamente en garantizar est\u00e1ndares de calidad y es detallista en cada aspecto de su trabajo, lo cual le permite, junto con una capacitaci\u00f3n constante, brindar asesoramiento especializado sobre la materia. Desempe\u00f1a un papel fundamental en el \u00e1rea, aportando diferentes puntos de vista sobre situaciones que se presenten y generando estrechos v\u00ednculos de confianza con los clientes por la oportunidad y especializaci\u00f3n de sus respuestas.<\/span><\/p><p><span style=\"font-weight: 400;\">Asimismo, lidera el equipo de Impuestos, priorizando el desarrollo personal y profesional de los integrantes. Para ello, los impulsa activamente para que se centren en el pensamiento estrat\u00e9gico, la innovaci\u00f3n y las alternativas eficientes para resolver los problemas, siempre con base en los est\u00e1ndares de calidad y excelencia, tanto de los procedimientos como de las resoluciones.\u00a0<\/span><\/p><p><span style=\"font-weight: 400;\">Y\u00e9sica es contadora p\u00fablica graduada en la Universidad de Buenos Aires con menci\u00f3n de honor magna cum laude y LL.M. en Derecho Tributario por la Universidad Torcuato Di Tella.<\/span><\/p><p><span style=\"font-weight: 400;\">Adem\u00e1s, es miembro activo de la Asociaci\u00f3n Argentina de Estudios Fiscales y matriculada en el Consejo Profesional de Ciencias Econ\u00f3micas de la Ciudad Aut\u00f3noma de Buenos Aires, donde recurrentemente dicta cursos y participa como expositora en diversos eventos de capacitaci\u00f3n.<\/span><\/p><p><span style=\"font-weight: 400;\">En el a\u00f1o 2023 fue relatora en el 19\u00b0 Congreso Tributario organizado por el Consejo Profesional de Ciencias Econ\u00f3micas de la Ciudad Aut\u00f3noma de Buenos Aires. Adem\u00e1s, publica art\u00edculos en revistas y peri\u00f3dicos especializados referidos a temas de impuestos y es docente de grado en la Facultad de Ciencias Econ\u00f3micas de la Universidad de Buenos Aires.<\/span><\/p>\t\t\t\t\t\t\t\t<\/div>\n\t\t\t\t\t<\/div>\n\t\t<\/div>\n\t\t\t\t<div class=\"elementor-column elementor-col-50 elementor-inner-column elementor-element elementor-element-0d71b7a\" data-id=\"0d71b7a\" data-element_type=\"column\">\n\t\t\t<div class=\"elementor-widget-wrap elementor-element-populated\">\n\t\t\t\t\t\t<div class=\"elementor-element elementor-element-d223f89 elementor-widget elementor-widget-image\" data-id=\"d223f89\" data-element_type=\"widget\" data-widget_type=\"image.default\">\n\t\t\t\t\t\t\t\t\t\t\t\t\t\t\t<img fetchpriority=\"high\" decoding=\"async\" width=\"649\" height=\"735\" src=\"https:\/\/lfs.tax\/wp-content\/uploads\/2023\/10\/newteam4-2.jpg\" class=\"attachment-full size-full wp-image-7241\" alt=\"Y\u00e9sica Baigorri - Senior Manager de impuestos\" srcset=\"https:\/\/lfs.tax\/wp-content\/uploads\/2023\/10\/newteam4-2.jpg 649w, https:\/\/lfs.tax\/wp-content\/uploads\/2023\/10\/newteam4-2-265x300.jpg 265w\" sizes=\"(max-width: 649px) 100vw, 649px\" \/>\t\t\t\t\t\t\t\t\t\t\t\t\t\t\t<\/div>\n\t\t\t\t<div class=\"elementor-element elementor-element-2dfc8fe elementor-widget elementor-widget-heading\" data-id=\"2dfc8fe\" data-element_type=\"widget\" data-widget_type=\"heading.default\">\n\t\t\t\t\t<h6 class=\"elementor-heading-title elementor-size-medium\">M\u00e1s info<\/h6>\t\t\t\t<\/div>\n\t\t\t\t<div class=\"elementor-element elementor-element-1ef0ddc e-grid-align-left elementor-shape-rounded elementor-grid-0 elementor-widget elementor-widget-social-icons\" data-id=\"1ef0ddc\" data-element_type=\"widget\" data-widget_type=\"social-icons.default\">\n\t\t\t\t\t\t\t<div class=\"elementor-social-icons-wrapper elementor-grid\">\n\t\t\t\t\t\t\t<span class=\"elementor-grid-item\">\n\t\t\t\t\t<a class=\"elementor-icon elementor-social-icon elementor-social-icon-linkedin elementor-animation-pulse elementor-repeater-item-ba755ef\" href=\"https:\/\/www.linkedin.com\/in\/yesica-baigorri-27179864\/\" target=\"_blank\" rel=\"noopener\">\n\t\t\t\t\t\t<span class=\"elementor-screen-only\">Linkedin<\/span>\n\t\t\t\t\t\t<i class=\"fab fa-linkedin\"><\/i>\t\t\t\t\t<\/a>\n\t\t\t\t<\/span>\n\t\t\t\t\t\t\t<span class=\"elementor-grid-item\">\n\t\t\t\t\t<a class=\"elementor-icon elementor-social-icon elementor-social-icon-list-alt elementor-animation-pulse elementor-repeater-item-ef4b709\" href=\"https:\/\/lfs.tax\/tag\/baigorri\/\">\n\t\t\t\t\t\t<span class=\"elementor-screen-only\">List-alt<\/span>\n\t\t\t\t\t\t<i class=\"fas fa-list-alt\"><\/i>\t\t\t\t\t<\/a>\n\t\t\t\t<\/span>\n\t\t\t\t\t<\/div>\n\t\t\t\t\t\t<\/div>\n\t\t\t\t\t<\/div>\n\t\t<\/div>\n\t\t\t\t\t<\/div>\n\t\t<\/div>\n\t\t\t\t<\/div>\n\t\t","protected":false},"excerpt":{"rendered":"<p>Y\u00e9sica Baigorri ASOCIADA Y\u00e9sica es asociada del departamento de Impuestos y cuenta con m\u00e1s de 10 a\u00f1os de experiencia en asesoramiento impositivo, determinaci\u00f3n de impuestos y resoluci\u00f3n de inspecciones, tanto de clientes de capitales nacionales como de grupos internacionales, a quienes apoya en temas de consultor\u00eda y cumplimiento legal. Trabaja arduamente en garantizar est\u00e1ndares de [&hellip;]<\/p>\n","protected":false},"author":1,"featured_media":0,"parent":0,"menu_order":0,"comment_status":"closed","ping_status":"closed","template":"","meta":{"_acf_changed":false,"_monsterinsights_skip_tracking":false,"_monsterinsights_sitenote_active":false,"_monsterinsights_sitenote_note":"","_monsterinsights_sitenote_category":0,"footnotes":""},"class_list":["post-8302","page","type-page","status-publish","hentry"],"acf":[],"_links":{"self":[{"href":"https:\/\/lfs.tax\/es\/wp-json\/wp\/v2\/pages\/8302","targetHints":{"allow":["GET"]}}],"collection":[{"href":"https:\/\/lfs.tax\/es\/wp-json\/wp\/v2\/pages"}],"about":[{"href":"https:\/\/lfs.tax\/es\/wp-json\/wp\/v2\/types\/page"}],"author":[{"embeddable":true,"href":"https:\/\/lfs.tax\/es\/wp-json\/wp\/v2\/users\/1"}],"replies":[{"embeddable":true,"href":"https:\/\/lfs.tax\/es\/wp-json\/wp\/v2\/comments?post=8302"}],"version-history":[{"count":48,"href":"https:\/\/lfs.tax\/es\/wp-json\/wp\/v2\/pages\/8302\/revisions"}],"predecessor-version":[{"id":10157,"href":"https:\/\/lfs.tax\/es\/wp-json\/wp\/v2\/pages\/8302\/revisions\/10157"}],"wp:attachment":[{"href":"https:\/\/lfs.tax\/es\/wp-json\/wp\/v2\/media?parent=8302"}],"curies":[{"name":"wp","href":"https:\/\/api.w.org\/{rel}","templated":true}]}}