{"id":8292,"date":"2024-02-19T17:55:21","date_gmt":"2024-02-19T17:55:21","guid":{"rendered":"https:\/\/lfs.tax\/?page_id=8292"},"modified":"2024-01-31T14:54:00","modified_gmt":"2024-01-31T14:54:00","slug":"gaston-fernandez","status":"publish","type":"page","link":"https:\/\/lfs.tax\/es\/gaston-fernandez\/","title":{"rendered":"Gast\u00f3n Fern\u00e1ndez"},"content":{"rendered":"\t\t<div data-elementor-type=\"wp-page\" data-elementor-id=\"8292\" class=\"elementor elementor-8292\">\n\t\t\t\t\t\t<div class=\" elementor-section elementor-inner-section elementor-element elementor-element-3fd62ea elementor-section-full_width animated-slow elementor-section-height-default elementor-section-height-default elementor-invisible\" data-id=\"3fd62ea\" data-element_type=\"section\" data-settings=\"{&quot;animation&quot;:&quot;fadeInUp&quot;}\">\n\t\t\t\t\t\t<div class=\"elementor-container elementor-column-gap-extended\">\n\t\t\t\t\t<div class=\"elementor-column elementor-col-50 elementor-inner-column elementor-element elementor-element-c444ddc\" data-id=\"c444ddc\" data-element_type=\"column\">\n\t\t\t<div class=\"elementor-widget-wrap elementor-element-populated\">\n\t\t\t\t\t\t<div class=\"elementor-element elementor-element-cb0d786 elementor-widget elementor-widget-rodio_heading\" data-id=\"cb0d786\" data-element_type=\"widget\" data-widget_type=\"rodio_heading.default\">\n\t\t\t\t<div class=\"elementor-widget-container\">\n\t\t\t\t\t\t<div class=\"heading normal\">\n        <h1>Gast\u00f3n Fern\u00e1ndez<\/h1>    <\/div>\n\t\t\t\t\t<\/div>\n\t\t\t\t<\/div>\n\t\t\t\t<div class=\"elementor-element elementor-element-3a4b926 elementor-widget elementor-widget-text-editor\" data-id=\"3a4b926\" data-element_type=\"widget\" data-widget_type=\"text-editor.default\">\n\t\t\t\t\t\t\t\t\t<h2>MANAGER DE PRECIOS DE TRANSFERENCIA<\/h2>\t\t\t\t\t\t\t\t<\/div>\n\t\t\t\t<div class=\"elementor-element elementor-element-97a4f94 elementor-widget elementor-widget-text-editor\" data-id=\"97a4f94\" data-element_type=\"widget\" data-widget_type=\"text-editor.default\">\n\t\t\t\t\t\t\t\t\t<p><span style=\"font-weight: 400;\">Gast\u00f3n inici\u00f3 su carrera profesional en el a\u00f1o 2013 y actualmente se desempe\u00f1a como manager a cargo del equipo de Precios de Transferencia. Con una gran experiencia, ha trabajado con empresas nacionales y multinacionales integrando la planificaci\u00f3n en materia de Precios de Transferencia con estrategias de impuestos internacionales, adem\u00e1s de llevar adelante la coordinaci\u00f3n de trabajos de compliance locales y regionales.<\/span><\/p><p><span style=\"font-weight: 400;\">Su experiencia lo ha hecho experto en sostener los procesos de cumplimiento de requerimientos fiscales, facilitando a los clientes comprensi\u00f3n, desarrollo y cumplimiento estricto de las normas, bajo su seguimiento y control. Gast\u00f3n es reconocido por sus clientes por su conocimiento de los procesos, su cercan\u00eda y su capacidad de resoluci\u00f3n de controversias fiscales, para lo que colabora con los clientes para identificar \u00e1reas de riesgo y oportunidades de optimizaci\u00f3n, contribuyendo a la maximizaci\u00f3n de eficiencia fiscal y reducci\u00f3n de riesgos.<\/span><\/p><p><span style=\"font-weight: 400;\">Gast\u00f3n realiz\u00f3 numerosos cursos de capacitaci\u00f3n y actualizaci\u00f3n sobre cuestiones de Precios de Transferencia en las principales universidades del pa\u00eds y actualmente es miembro de la Asociaci\u00f3n Argentina de Estudios Fiscales (AAEF) y matriculado del Consejo Profesional de Ciencias Econ\u00f3micas de la Ciudad Aut\u00f3noma de Buenos Aires (CPCECABA).<\/span><\/p><p><span style=\"font-weight: 400;\">El reconocimiento de los clientes como experto en materia de Precios de Transferencia lo ha llevado a brindar capacitaciones en la materia y a la actividad docente en el Posgrado en Precios de Transferencia con \u00e9nfasis en la Econom\u00eda Digital de la Universidad de Belgrano y en el CPCECABA.<\/span><\/p><p><span style=\"font-weight: 400;\">Gast\u00f3n es contador p\u00fablico graduado por la Universidad de Buenos Aires (UBA) y es reconocido como asesor notable por la International Tax Review (ITR), y adem\u00e1s fue identificado como Transfer Pricing Rising Star en 2022.<\/span><\/p>\t\t\t\t\t\t\t\t<\/div>\n\t\t\t\t\t<\/div>\n\t\t<\/div>\n\t\t\t\t<div class=\"elementor-column elementor-col-50 elementor-inner-column elementor-element elementor-element-3899342\" data-id=\"3899342\" data-element_type=\"column\">\n\t\t\t<div class=\"elementor-widget-wrap elementor-element-populated\">\n\t\t\t\t\t\t<div class=\"elementor-element elementor-element-507d2e0 elementor-widget elementor-widget-image\" data-id=\"507d2e0\" data-element_type=\"widget\" data-widget_type=\"image.default\">\n\t\t\t\t\t\t\t\t\t\t\t\t\t\t\t<img fetchpriority=\"high\" decoding=\"async\" width=\"649\" height=\"735\" src=\"https:\/\/lfs.tax\/wp-content\/uploads\/2023\/10\/newteam5-2.jpg\" class=\"attachment-full size-full wp-image-7240\" alt=\"Gast\u00f3n Fern\u00e1ndez - Manager de precios e transferencia\" srcset=\"https:\/\/lfs.tax\/wp-content\/uploads\/2023\/10\/newteam5-2.jpg 649w, https:\/\/lfs.tax\/wp-content\/uploads\/2023\/10\/newteam5-2-265x300.jpg 265w\" sizes=\"(max-width: 649px) 100vw, 649px\" \/>\t\t\t\t\t\t\t\t\t\t\t\t\t\t\t<\/div>\n\t\t\t\t<div class=\"elementor-element elementor-element-4752c65 elementor-widget elementor-widget-heading\" data-id=\"4752c65\" data-element_type=\"widget\" data-widget_type=\"heading.default\">\n\t\t\t\t\t<h6 class=\"elementor-heading-title elementor-size-medium\">M\u00e1s info<\/h6>\t\t\t\t<\/div>\n\t\t\t\t<div class=\"elementor-element elementor-element-5e54669 e-grid-align-left elementor-shape-rounded elementor-grid-0 elementor-widget elementor-widget-social-icons\" data-id=\"5e54669\" data-element_type=\"widget\" data-widget_type=\"social-icons.default\">\n\t\t\t\t\t\t\t<div class=\"elementor-social-icons-wrapper elementor-grid\">\n\t\t\t\t\t\t\t<span class=\"elementor-grid-item\">\n\t\t\t\t\t<a class=\"elementor-icon elementor-social-icon elementor-social-icon-linkedin elementor-animation-pulse elementor-repeater-item-ba755ef\" href=\"https:\/\/www.linkedin.com\/in\/gastonagustinfernandez\/\" target=\"_blank\" rel=\"noopener\">\n\t\t\t\t\t\t<span class=\"elementor-screen-only\">Linkedin<\/span>\n\t\t\t\t\t\t<i class=\"fab fa-linkedin\"><\/i>\t\t\t\t\t<\/a>\n\t\t\t\t<\/span>\n\t\t\t\t\t\t\t<span class=\"elementor-grid-item\">\n\t\t\t\t\t<a class=\"elementor-icon elementor-social-icon elementor-social-icon-list-alt elementor-animation-pulse elementor-repeater-item-ef4b709\" href=\"https:\/\/lfs.tax\/tag\/gaston-fernandez\/\">\n\t\t\t\t\t\t<span class=\"elementor-screen-only\">List-alt<\/span>\n\t\t\t\t\t\t<i class=\"fas fa-list-alt\"><\/i>\t\t\t\t\t<\/a>\n\t\t\t\t<\/span>\n\t\t\t\t\t<\/div>\n\t\t\t\t\t\t<\/div>\n\t\t\t\t\t<\/div>\n\t\t<\/div>\n\t\t\t\t\t<\/div>\n\t\t<\/div>\n\t\t\t\t<\/div>\n\t\t","protected":false},"excerpt":{"rendered":"<p>Gast\u00f3n Fern\u00e1ndez MANAGER DE PRECIOS DE TRANSFERENCIA Gast\u00f3n inici\u00f3 su carrera profesional en el a\u00f1o 2013 y actualmente se desempe\u00f1a como manager a cargo del equipo de Precios de Transferencia. Con una gran experiencia, ha trabajado con empresas nacionales y multinacionales integrando la planificaci\u00f3n en materia de Precios de Transferencia con estrategias de impuestos internacionales, [&hellip;]<\/p>\n","protected":false},"author":1,"featured_media":0,"parent":0,"menu_order":0,"comment_status":"closed","ping_status":"closed","template":"","meta":{"_acf_changed":false,"_monsterinsights_skip_tracking":false,"_monsterinsights_sitenote_active":false,"_monsterinsights_sitenote_note":"","_monsterinsights_sitenote_category":0,"footnotes":""},"class_list":["post-8292","page","type-page","status-publish","hentry"],"acf":[],"_links":{"self":[{"href":"https:\/\/lfs.tax\/es\/wp-json\/wp\/v2\/pages\/8292","targetHints":{"allow":["GET"]}}],"collection":[{"href":"https:\/\/lfs.tax\/es\/wp-json\/wp\/v2\/pages"}],"about":[{"href":"https:\/\/lfs.tax\/es\/wp-json\/wp\/v2\/types\/page"}],"author":[{"embeddable":true,"href":"https:\/\/lfs.tax\/es\/wp-json\/wp\/v2\/users\/1"}],"replies":[{"embeddable":true,"href":"https:\/\/lfs.tax\/es\/wp-json\/wp\/v2\/comments?post=8292"}],"version-history":[{"count":29,"href":"https:\/\/lfs.tax\/es\/wp-json\/wp\/v2\/pages\/8292\/revisions"}],"predecessor-version":[{"id":10581,"href":"https:\/\/lfs.tax\/es\/wp-json\/wp\/v2\/pages\/8292\/revisions\/10581"}],"wp:attachment":[{"href":"https:\/\/lfs.tax\/es\/wp-json\/wp\/v2\/media?parent=8292"}],"curies":[{"name":"wp","href":"https:\/\/api.w.org\/{rel}","templated":true}]}}