{"id":8285,"date":"2024-02-19T21:32:14","date_gmt":"2024-02-19T21:32:14","guid":{"rendered":"https:\/\/lfs.tax\/?page_id=8285"},"modified":"2024-01-31T17:18:56","modified_gmt":"2024-01-31T17:18:56","slug":"tomas-smudt","status":"publish","type":"page","link":"https:\/\/lfs.tax\/es\/tomas-smudt\/","title":{"rendered":"Tom\u00e1s Smudt"},"content":{"rendered":"\t\t<div data-elementor-type=\"wp-page\" data-elementor-id=\"8285\" class=\"elementor elementor-8285\">\n\t\t\t\t\t\t<div class=\" elementor-section elementor-inner-section elementor-element elementor-element-08f4d1e elementor-section-full_width animated-slow elementor-section-height-default elementor-section-height-default elementor-invisible\" data-id=\"08f4d1e\" data-element_type=\"section\" data-settings=\"{&quot;animation&quot;:&quot;fadeInUp&quot;}\">\n\t\t\t\t\t\t<div class=\"elementor-container elementor-column-gap-extended\">\n\t\t\t\t\t<div class=\"elementor-column elementor-col-50 elementor-inner-column elementor-element elementor-element-8a4f7fd\" data-id=\"8a4f7fd\" data-element_type=\"column\">\n\t\t\t<div class=\"elementor-widget-wrap elementor-element-populated\">\n\t\t\t\t\t\t<div class=\"elementor-element elementor-element-09d9c11 elementor-widget elementor-widget-rodio_heading\" data-id=\"09d9c11\" data-element_type=\"widget\" data-widget_type=\"rodio_heading.default\">\n\t\t\t\t<div class=\"elementor-widget-container\">\n\t\t\t\t\t\t<div class=\"heading normal\">\n        <h1>Tom\u00e1s Smudt<\/h1>    <\/div>\n\t\t\t\t\t<\/div>\n\t\t\t\t<\/div>\n\t\t\t\t<div class=\"elementor-element elementor-element-a2dbbe4 elementor-widget elementor-widget-text-editor\" data-id=\"a2dbbe4\" data-element_type=\"widget\" data-widget_type=\"text-editor.default\">\n\t\t\t\t\t\t\t\t\t<h2>SOCIO<\/h2>\t\t\t\t\t\t\t\t<\/div>\n\t\t\t\t<div class=\"elementor-element elementor-element-93e78a6 elementor-widget elementor-widget-text-editor\" data-id=\"93e78a6\" data-element_type=\"widget\" data-widget_type=\"text-editor.default\">\n\t\t\t\t\t\t\t\t\t<p><span style=\"font-weight: 400;\">Es socio fundador y lidera las pr\u00e1cticas de Precios de Transferencia y Valuaci\u00f3n de Empresas de LFS desde 2013. Se destaca integrando proyectos que impliquen la planificaci\u00f3n de Precios de Transferencia con estrategias de impuestos internacionales, teniendo a cargo la coordinaci\u00f3n de trabajos locales y regionales respecto a tem\u00e1ticas como transacciones financieras, intangibles y reestructuraci\u00f3n de negocios.<\/span><\/p><p><span style=\"font-weight: 400;\">Su amplia experiencia en el desarrollo de trabajos de Precios de Transferencia, asistiendo con la documentaci\u00f3n de soporte correspondiente como tambi\u00e9n en procesos de inspecci\u00f3n desarrollando argumentos de defensa en la justicia, lo posicionan como un aliado experto para las compa\u00f1\u00edas.<\/span><\/p><p><span style=\"font-weight: 400;\">Se destaca por su aporte especializado en el desarrollo diario de los negocios, llevando adelante relaciones de largo plazo con los clientes, quienes se sienten atra\u00eddos por su capacidad anal\u00edtica para la toma de decisiones con un asesoramiento experto, oportuno y de confianza. Tom\u00e1s ha asesorado en la definici\u00f3n de pol\u00edticas de Precios de Transferencia y transformaciones de negocios de multinacionales de origen argentino.<\/span><\/p><p><span style=\"font-weight: 400;\">Tambi\u00e9n ha trabajado en la valuaci\u00f3n de empresas nacionales y multinacionales, participando en procesos de M&amp;A, negociaciones y toma de decisiones.<\/span><\/p><p><span style=\"font-weight: 400;\">Su inter\u00e9s en Precios de Transferencia lo ha llevado a la actividad docente en el Posgrado en Precios de Transferencia con \u00e9nfasis en la Econom\u00eda Digital de la Universidad de Belgrano y como profesor invitado de posgrado en las universidades m\u00e1s reconocidas de Argentina. Adem\u00e1s, ha escrito numerosos art\u00edculos en los principales peri\u00f3dicos y editoriales especializadas de Argentina y la regi\u00f3n.<\/span><\/p><p><span style=\"font-weight: 400;\">Tom\u00e1s es licenciado en Econom\u00eda, graduado con menci\u00f3n de honor por la Universidad De Buenos Aires y magister en Finanzas por la Universidad Torcuato Di Tella (UTDT).\u00a0 Se especializ\u00f3 en Tributaci\u00f3n Internacional y Precios De Transferencia en la WU (Wien University Of Business And Economy) en Austria y a trav\u00e9s del programa \u201cAdvance Professional Certificate In International Taxation\u201d (APCIT) del IBFD en los Pa\u00edses Bajos.<\/span><\/p><p><span style=\"font-weight: 400;\">Es miembro de la International Fiscal Association (IFA), miembro activo de la Asociaci\u00f3n Argentina de Estudios Fiscales (AAEF) y matriculado en el Consejo Profesional de Ciencias Econ\u00f3micas de la Ciudad Aut\u00f3noma de Buenos Aires (CPCECABA). Tambi\u00e9n es asesor de la Subcomisi\u00f3n de Tributaci\u00f3n Internacional de la Uni\u00f3n Industrial Argentina (UIA).<\/span><\/p><p><span style=\"font-weight: 400;\">Brind\u00f3 y dirigi\u00f3 numerosos cursos de capacitaci\u00f3n y actualizaci\u00f3n sobre cuestiones de Precios de Transferencia, impuestos internacionales y finanzas p\u00fablicas. Fue relator nacional por Argentina en el XII Encuentro Regional Latinoamericano de IFA en Lima, Per\u00fa.<\/span><\/p><p><span style=\"font-weight: 400;\">Tom\u00e1s es distinguido como Highly Regarded Practitioner en World Transfer Pricing por la International Tax Review (ITR).<\/span><\/p>\t\t\t\t\t\t\t\t<\/div>\n\t\t\t\t\t<\/div>\n\t\t<\/div>\n\t\t\t\t<div class=\"elementor-column elementor-col-50 elementor-inner-column elementor-element elementor-element-51ca40b\" data-id=\"51ca40b\" data-element_type=\"column\">\n\t\t\t<div class=\"elementor-widget-wrap elementor-element-populated\">\n\t\t\t\t\t\t<div class=\"elementor-element elementor-element-76f7d50 elementor-widget elementor-widget-image\" data-id=\"76f7d50\" data-element_type=\"widget\" data-widget_type=\"image.default\">\n\t\t\t\t\t\t\t\t\t\t\t\t\t\t\t<img fetchpriority=\"high\" decoding=\"async\" width=\"649\" height=\"735\" src=\"https:\/\/lfs.tax\/wp-content\/uploads\/2023\/10\/newteam3-2.jpg\" class=\"attachment-full size-full wp-image-7244\" alt=\"Tom\u00e1s Smudt - Socio\" srcset=\"https:\/\/lfs.tax\/wp-content\/uploads\/2023\/10\/newteam3-2.jpg 649w, https:\/\/lfs.tax\/wp-content\/uploads\/2023\/10\/newteam3-2-265x300.jpg 265w\" sizes=\"(max-width: 649px) 100vw, 649px\" \/>\t\t\t\t\t\t\t\t\t\t\t\t\t\t\t<\/div>\n\t\t\t\t<div class=\"elementor-element elementor-element-433608c elementor-widget elementor-widget-heading\" data-id=\"433608c\" data-element_type=\"widget\" data-widget_type=\"heading.default\">\n\t\t\t\t\t<h6 class=\"elementor-heading-title elementor-size-medium\">M\u00e1s info<\/h6>\t\t\t\t<\/div>\n\t\t\t\t<div class=\"elementor-element elementor-element-692546b e-grid-align-left elementor-shape-rounded elementor-grid-0 elementor-widget elementor-widget-social-icons\" data-id=\"692546b\" data-element_type=\"widget\" data-widget_type=\"social-icons.default\">\n\t\t\t\t\t\t\t<div class=\"elementor-social-icons-wrapper elementor-grid\">\n\t\t\t\t\t\t\t<span class=\"elementor-grid-item\">\n\t\t\t\t\t<a class=\"elementor-icon elementor-social-icon elementor-social-icon-linkedin elementor-animation-pulse elementor-repeater-item-ba755ef\" href=\"https:\/\/www.linkedin.com\/in\/tomassmudt\/\" target=\"_blank\" rel=\"noopener\">\n\t\t\t\t\t\t<span class=\"elementor-screen-only\">Linkedin<\/span>\n\t\t\t\t\t\t<i class=\"fab fa-linkedin\"><\/i>\t\t\t\t\t<\/a>\n\t\t\t\t<\/span>\n\t\t\t\t\t\t\t<span class=\"elementor-grid-item\">\n\t\t\t\t\t<a class=\"elementor-icon elementor-social-icon elementor-social-icon-list-alt elementor-animation-pulse elementor-repeater-item-ef4b709\" href=\"https:\/\/lfs.tax\/tag\/smudt\/\">\n\t\t\t\t\t\t<span class=\"elementor-screen-only\">List-alt<\/span>\n\t\t\t\t\t\t<i class=\"fas fa-list-alt\"><\/i>\t\t\t\t\t<\/a>\n\t\t\t\t<\/span>\n\t\t\t\t\t<\/div>\n\t\t\t\t\t\t<\/div>\n\t\t\t\t\t<\/div>\n\t\t<\/div>\n\t\t\t\t\t<\/div>\n\t\t<\/div>\n\t\t\t\t<\/div>\n\t\t","protected":false},"excerpt":{"rendered":"<p>Tom\u00e1s Smudt SOCIO Es socio fundador y lidera las pr\u00e1cticas de Precios de Transferencia y Valuaci\u00f3n de Empresas de LFS desde 2013. Se destaca integrando proyectos que impliquen la planificaci\u00f3n de Precios de Transferencia con estrategias de impuestos internacionales, teniendo a cargo la coordinaci\u00f3n de trabajos locales y regionales respecto a tem\u00e1ticas como transacciones financieras, [&hellip;]<\/p>\n","protected":false},"author":1,"featured_media":0,"parent":0,"menu_order":0,"comment_status":"closed","ping_status":"closed","template":"","meta":{"_acf_changed":false,"_monsterinsights_skip_tracking":false,"_monsterinsights_sitenote_active":false,"_monsterinsights_sitenote_note":"","_monsterinsights_sitenote_category":0,"footnotes":""},"class_list":["post-8285","page","type-page","status-publish","hentry"],"acf":[],"_links":{"self":[{"href":"https:\/\/lfs.tax\/es\/wp-json\/wp\/v2\/pages\/8285","targetHints":{"allow":["GET"]}}],"collection":[{"href":"https:\/\/lfs.tax\/es\/wp-json\/wp\/v2\/pages"}],"about":[{"href":"https:\/\/lfs.tax\/es\/wp-json\/wp\/v2\/types\/page"}],"author":[{"embeddable":true,"href":"https:\/\/lfs.tax\/es\/wp-json\/wp\/v2\/users\/1"}],"replies":[{"embeddable":true,"href":"https:\/\/lfs.tax\/es\/wp-json\/wp\/v2\/comments?post=8285"}],"version-history":[{"count":20,"href":"https:\/\/lfs.tax\/es\/wp-json\/wp\/v2\/pages\/8285\/revisions"}],"predecessor-version":[{"id":10148,"href":"https:\/\/lfs.tax\/es\/wp-json\/wp\/v2\/pages\/8285\/revisions\/10148"}],"wp:attachment":[{"href":"https:\/\/lfs.tax\/es\/wp-json\/wp\/v2\/media?parent=8285"}],"curies":[{"name":"wp","href":"https:\/\/api.w.org\/{rel}","templated":true}]}}