{"id":8268,"date":"2024-02-19T17:02:30","date_gmt":"2024-02-19T17:02:30","guid":{"rendered":"https:\/\/lfs.tax\/?page_id=8268"},"modified":"2024-01-31T14:50:32","modified_gmt":"2024-01-31T14:50:32","slug":"florencia-fernandez-sabella","status":"publish","type":"page","link":"https:\/\/lfs.tax\/es\/florencia-fernandez-sabella\/","title":{"rendered":"Florencia Fern\u00e1ndez Sabella"},"content":{"rendered":"\t\t<div data-elementor-type=\"wp-page\" data-elementor-id=\"8268\" class=\"elementor elementor-8268\">\n\t\t\t\t\t\t<div class=\" elementor-section elementor-inner-section elementor-element elementor-element-5cb7b38 elementor-section-full_width animated-slow elementor-section-height-default elementor-section-height-default elementor-invisible\" data-id=\"5cb7b38\" data-element_type=\"section\" data-settings=\"{&quot;animation&quot;:&quot;fadeInUp&quot;}\">\n\t\t\t\t\t\t<div class=\"elementor-container elementor-column-gap-extended\">\n\t\t\t\t\t<div class=\"elementor-column elementor-col-50 elementor-inner-column elementor-element elementor-element-917ccd6\" data-id=\"917ccd6\" data-element_type=\"column\">\n\t\t\t<div class=\"elementor-widget-wrap elementor-element-populated\">\n\t\t\t\t\t\t<div class=\"elementor-element elementor-element-8e21108 elementor-widget elementor-widget-rodio_heading\" data-id=\"8e21108\" data-element_type=\"widget\" data-widget_type=\"rodio_heading.default\">\n\t\t\t\t<div class=\"elementor-widget-container\">\n\t\t\t\t\t\t<div class=\"heading normal\">\n        <h1>Florencia Fern\u00e1ndez Sabella<\/h1>    <\/div>\n\t\t\t\t\t<\/div>\n\t\t\t\t<\/div>\n\t\t\t\t<div class=\"elementor-element elementor-element-f0e8abd elementor-widget elementor-widget-text-editor\" data-id=\"f0e8abd\" data-element_type=\"widget\" data-widget_type=\"text-editor.default\">\n\t\t\t\t\t\t\t\t\t<h2>SOCIA<\/h2>\t\t\t\t\t\t\t\t<\/div>\n\t\t\t\t<div class=\"elementor-element elementor-element-426f607 elementor-widget elementor-widget-text-editor\" data-id=\"426f607\" data-element_type=\"widget\" data-widget_type=\"text-editor.default\">\n\t\t\t\t\t\t\t\t\t<p><span style=\"font-weight: 400;\">Florencia es socia fundadora de LFS y lidera la pr\u00e1ctica de impuestos desde el a\u00f1o 2013. Desde aquel entonces ha dedicado sus esfuerzos a asegurar niveles \u00f3ptimos de calidad en los procedimientos y desarrollos de los trabajos del \u00e1rea gracias a la conformaci\u00f3n de un s\u00f3lido equipo con relaciones personales de largo plazo.<\/span><\/p><p><span style=\"font-weight: 400;\">Su experiencia en el \u00e1rea de Impuestos se focaliza en temas nacionales corporativos con un gran foco en impuestos internacionales. Su especializaci\u00f3n le permite brindar a sus clientes una respuesta r\u00e1pida y precisa adem\u00e1s de aportar soluciones creativas a transacciones complejas tales como fusiones, escisiones, reestructuraciones de negocios y procesos de auditor\u00edas fiscales.<\/span><\/p><p><span style=\"font-weight: 400;\">Gracias a su continua capacitaci\u00f3n en temas de tributaci\u00f3n internacional presta asesoramiento experto a empresas de capitales argentinos, as\u00ed como tambi\u00e9n a empresas multinacionales de capital extranjero. A lo largo de su carrera, se ha destacado por brindar asesoramiento de calidad, con una perspectiva de eficiencia fiscal bajo un estricto cumplimiento de las normas legales vigentes.<\/span><\/p><p><span style=\"font-weight: 400;\">Se caracteriza por ser la asesora de confianza de sus clientes, quienes la buscan por sus respuestas personalizadas a las necesidades de cada negocio en particular.<\/span><\/p><p><span style=\"font-weight: 400;\">Desde hace muchos a\u00f1os, Florencia tiene un estrecho v\u00ednculo con el mundo acad\u00e9mico, lo que la llev\u00f3 a ser vocal en el Consejo Directivo de la AAEF desde el a\u00f1o 2021 hasta el a\u00f1o 2024 y coordinadora de la subcomisi\u00f3n de Estudios en Impuestos Internacionales y Precios de Transferencia del CPCECABA desde el a\u00f1o 2022 hasta el a\u00f1o 2025.<\/span><\/p><p><span style=\"font-weight: 400;\">Adem\u00e1s, es docente en universidades nacionales y participa activamente como expositora y relatora en cursos y congresos, tanto nacionales como internacionales. Fue relatora nacional por Argentina en el congreso internacional de la IFA del a\u00f1o 2022 en Berl\u00edn y en el congreso internacional del ILADT del a\u00f1o 2024 en Chile. A lo largo de su carrera, ha publicado numerosos art\u00edculos de doctrina en revistas especializadas nacionales e internacionales, entre las que se destaca el IBFD.<\/span><\/p><p><span style=\"font-weight: 400;\">Forma parte de la comisi\u00f3n de Impuestos Internacionales de la UIA y ha participado activamente asesorando otras c\u00e1maras empresarias.<\/span><\/p><p><span style=\"font-weight: 400;\">Es egresada de la Universidad de Buenos Aires (UBA) de la carrera de Contador P\u00fablico y del posgrado de Especializaci\u00f3n en Tributaci\u00f3n. Adem\u00e1s, ha realizado estudios de posgrados sobre Impuestos Internacionales en la Universidad de Santiago de Compostela y en el International Tax Center de la Universidad de Leiden.<\/span><\/p>\t\t\t\t\t\t\t\t<\/div>\n\t\t\t\t\t<\/div>\n\t\t<\/div>\n\t\t\t\t<div class=\"elementor-column elementor-col-50 elementor-inner-column elementor-element elementor-element-3c8a97f\" data-id=\"3c8a97f\" data-element_type=\"column\">\n\t\t\t<div class=\"elementor-widget-wrap elementor-element-populated\">\n\t\t\t\t\t\t<div class=\"elementor-element elementor-element-d88674c elementor-widget elementor-widget-image\" data-id=\"d88674c\" data-element_type=\"widget\" data-widget_type=\"image.default\">\n\t\t\t\t\t\t\t\t\t\t\t\t\t\t\t<img fetchpriority=\"high\" decoding=\"async\" width=\"649\" height=\"735\" src=\"https:\/\/lfs.tax\/wp-content\/uploads\/2023\/10\/newteam2-2.jpg\" class=\"attachment-full size-full wp-image-7243\" alt=\"Florencia Fern\u00e1ndez Sabella, especialista en consultor\u00eda tributaria y precios de transferencia en LFS\" srcset=\"https:\/\/lfs.tax\/wp-content\/uploads\/2023\/10\/newteam2-2.jpg 649w, https:\/\/lfs.tax\/wp-content\/uploads\/2023\/10\/newteam2-2-265x300.jpg 265w\" sizes=\"(max-width: 649px) 100vw, 649px\" \/>\t\t\t\t\t\t\t\t\t\t\t\t\t\t\t<\/div>\n\t\t\t\t<div class=\"elementor-element elementor-element-33c6905 elementor-widget elementor-widget-heading\" data-id=\"33c6905\" data-element_type=\"widget\" data-widget_type=\"heading.default\">\n\t\t\t\t\t<h6 class=\"elementor-heading-title elementor-size-medium\">M\u00e1s info<\/h6>\t\t\t\t<\/div>\n\t\t\t\t<div class=\"elementor-element elementor-element-b40cfc8 e-grid-align-left elementor-shape-rounded elementor-grid-0 elementor-widget elementor-widget-social-icons\" data-id=\"b40cfc8\" data-element_type=\"widget\" data-widget_type=\"social-icons.default\">\n\t\t\t\t\t\t\t<div class=\"elementor-social-icons-wrapper elementor-grid\">\n\t\t\t\t\t\t\t<span class=\"elementor-grid-item\">\n\t\t\t\t\t<a class=\"elementor-icon elementor-social-icon elementor-social-icon-linkedin elementor-animation-pulse elementor-repeater-item-ba755ef\" href=\"https:\/\/www.linkedin.com\/in\/florencia-fern%C3%A1ndezsabella\/\" target=\"_blank\" rel=\"noopener\">\n\t\t\t\t\t\t<span class=\"elementor-screen-only\">Linkedin<\/span>\n\t\t\t\t\t\t<i class=\"fab fa-linkedin\"><\/i>\t\t\t\t\t<\/a>\n\t\t\t\t<\/span>\n\t\t\t\t\t\t\t<span class=\"elementor-grid-item\">\n\t\t\t\t\t<a class=\"elementor-icon elementor-social-icon elementor-social-icon-list-alt elementor-animation-pulse elementor-repeater-item-ef4b709\" href=\"https:\/\/lfs.tax\/tag\/fernandez-sabella\/\">\n\t\t\t\t\t\t<span class=\"elementor-screen-only\">List-alt<\/span>\n\t\t\t\t\t\t<i class=\"fas fa-list-alt\"><\/i>\t\t\t\t\t<\/a>\n\t\t\t\t<\/span>\n\t\t\t\t\t<\/div>\n\t\t\t\t\t\t<\/div>\n\t\t\t\t\t<\/div>\n\t\t<\/div>\n\t\t\t\t\t<\/div>\n\t\t<\/div>\n\t\t\t\t<\/div>\n\t\t","protected":false},"excerpt":{"rendered":"<p>Florencia Fern\u00e1ndez Sabella SOCIA Florencia es socia fundadora de LFS y lidera la pr\u00e1ctica de impuestos desde el a\u00f1o 2013. Desde aquel entonces ha dedicado sus esfuerzos a asegurar niveles \u00f3ptimos de calidad en los procedimientos y desarrollos de los trabajos del \u00e1rea gracias a la conformaci\u00f3n de un s\u00f3lido equipo con relaciones personales de [&hellip;]<\/p>\n","protected":false},"author":1,"featured_media":0,"parent":0,"menu_order":0,"comment_status":"closed","ping_status":"closed","template":"","meta":{"_acf_changed":false,"_monsterinsights_skip_tracking":false,"_monsterinsights_sitenote_active":false,"_monsterinsights_sitenote_note":"","_monsterinsights_sitenote_category":0,"footnotes":""},"class_list":["post-8268","page","type-page","status-publish","hentry"],"acf":[],"_links":{"self":[{"href":"https:\/\/lfs.tax\/es\/wp-json\/wp\/v2\/pages\/8268","targetHints":{"allow":["GET"]}}],"collection":[{"href":"https:\/\/lfs.tax\/es\/wp-json\/wp\/v2\/pages"}],"about":[{"href":"https:\/\/lfs.tax\/es\/wp-json\/wp\/v2\/types\/page"}],"author":[{"embeddable":true,"href":"https:\/\/lfs.tax\/es\/wp-json\/wp\/v2\/users\/1"}],"replies":[{"embeddable":true,"href":"https:\/\/lfs.tax\/es\/wp-json\/wp\/v2\/comments?post=8268"}],"version-history":[{"count":53,"href":"https:\/\/lfs.tax\/es\/wp-json\/wp\/v2\/pages\/8268\/revisions"}],"predecessor-version":[{"id":10133,"href":"https:\/\/lfs.tax\/es\/wp-json\/wp\/v2\/pages\/8268\/revisions\/10133"}],"wp:attachment":[{"href":"https:\/\/lfs.tax\/es\/wp-json\/wp\/v2\/media?parent=8268"}],"curies":[{"name":"wp","href":"https:\/\/api.w.org\/{rel}","templated":true}]}}