{"id":8198,"date":"2024-02-19T16:57:58","date_gmt":"2024-02-19T16:57:58","guid":{"rendered":"https:\/\/lfs.tax\/?page_id=8198"},"modified":"2025-10-20T14:54:44","modified_gmt":"2025-10-20T17:54:44","slug":"fernanda-laiun","status":"publish","type":"page","link":"https:\/\/lfs.tax\/es\/fernanda-laiun\/","title":{"rendered":"Fernanda Lai\u00fan"},"content":{"rendered":"\t\t<div data-elementor-type=\"wp-page\" data-elementor-id=\"8198\" class=\"elementor elementor-8198\">\n\t\t\t\t\t\t<div class=\" elementor-section elementor-inner-section elementor-element elementor-element-2fa692f elementor-section-full_width animated-slow elementor-section-height-default elementor-section-height-default elementor-invisible\" data-id=\"2fa692f\" data-element_type=\"section\" data-settings=\"{&quot;animation&quot;:&quot;fadeInUp&quot;}\">\n\t\t\t\t\t\t<div class=\"elementor-container elementor-column-gap-extended\">\n\t\t\t\t\t<div class=\"elementor-column elementor-col-50 elementor-inner-column elementor-element elementor-element-9a58305\" data-id=\"9a58305\" data-element_type=\"column\">\n\t\t\t<div class=\"elementor-widget-wrap elementor-element-populated\">\n\t\t\t\t\t\t<div class=\"elementor-element elementor-element-314f092 elementor-widget elementor-widget-rodio_heading\" data-id=\"314f092\" data-element_type=\"widget\" data-widget_type=\"rodio_heading.default\">\n\t\t\t\t<div class=\"elementor-widget-container\">\n\t\t\t\t\t\t<div class=\"heading normal\">\n        <h1>Fernanda Lai\u00fan<\/h1>    <\/div>\n\t\t\t\t\t<\/div>\n\t\t\t\t<\/div>\n\t\t\t\t<div class=\"elementor-element elementor-element-ba1afd7 elementor-widget elementor-widget-text-editor\" data-id=\"ba1afd7\" data-element_type=\"widget\" data-widget_type=\"text-editor.default\">\n\t\t\t\t\t\t\t\t\t<h2>SOCIA<\/h2>\t\t\t\t\t\t\t\t<\/div>\n\t\t\t\t<div class=\"elementor-element elementor-element-8232667 elementor-widget elementor-widget-text-editor\" data-id=\"8232667\" data-element_type=\"widget\" data-widget_type=\"text-editor.default\">\n\t\t\t\t\t\t\t\t\t<p><span style=\"font-weight: 400;\">Fernanda Lai\u00fan es fundadora y managing partner de LFS desde 2013. Se destaca en el \u00e1rea de Precios de Transferencia e Impuestos, y los clientes la buscan por su capacidad de acompa\u00f1arlos en la toma de decisiones, contemplando el factor impositivo que les permite lograr los objetivos de negocio, as\u00ed como la protecci\u00f3n del patrimonio personal, evitando temas contingentes y minimizando las discusiones fiscales.<\/span><\/p><p><span style=\"font-weight: 400;\">Su inter\u00e9s en anticiparse a las consecuencias de las decisiones de los clientes y los gobiernos, basado en m\u00e1s de 20 a\u00f1os de experiencia y el estudio constante, le permite tener entre sus clientes a empresas argentinas y extranjeras que conf\u00edan en que en Fernanda Lai\u00fan cuentan con un asesoramiento especializado permanente. Utilizan su conocimiento para definir sus negocios asegurando el cumplimiento de la ley siempre de manera eficiente.<\/span><\/p><p><span style=\"font-weight: 400;\">Fernanda Lai\u00fan es reconocida por desarrollar relaciones de largo plazo con los clientes, quienes se sienten atra\u00eddos por su capacidad para hacer un an\u00e1lisis impositivo del negocio aportando soluciones para lograr los objetivos con un perfil cercano y profesional. Su asesoramiento experto y oportuno hace que sus clientes la busquen como consultora de confianza en temas patrimoniales.<\/span><\/p><p><span style=\"font-weight: 400;\">Se destaca por su aporte especializado en el desarrollo diario de los negocios, as\u00ed como en procesos de regionalizaci\u00f3n que demandan conocimientos globales de impuestos, de Precios de Transferencia y de planificaci\u00f3n fiscal, asegurando el cumplimiento de los objetivos en forma eficiente, tanto en los movimientos pr\u00f3ximos como en las consecuencias de largo plazo.<\/span><\/p><p><span style=\"font-weight: 400;\">Antes de iniciar con LFS, Fernanda Lai\u00fan se destac\u00f3 en Andersen, donde desarroll\u00f3 y lider\u00f3 el departamento de Precios de Transferencia, tarea que continu\u00f3 en Deloitte.<\/span><\/p><p><span style=\"font-weight: 400;\">Su inter\u00e9s en Precios de Transferencia la ha llevado a publicar numerosos art\u00edculos en medios especializados, as\u00ed como en medios masivos.<\/span><\/p><p><span style=\"font-weight: 400;\">Su inter\u00e9s en la divulgaci\u00f3n de temas econ\u00f3micos la lleva a participar de forma constante en radios, medios digitales y televisi\u00f3n, comentando temas de actualidad.<\/span><\/p><p><span style=\"font-weight: 400;\">Fernanda Lai\u00fan es egresada de la Universidad Cat\u00f3lica Argentina de la carrera de Contador P\u00fablico y Licenciatura en Administraci\u00f3n, y cuenta con una maestr\u00eda en Administraci\u00f3n de Empresas de la Universidad del CEMA.<\/span><\/p><p><span style=\"font-weight: 400;\">Fernanda Lai\u00fan es identificada como asesora experta de alto reconocimiento y mujer l\u00edder por The International Tax Review (ITR World Tax) y como asesora experta de alto reconocimiento por The International World Transfer Pricing, en ambos casos desde 2019.<\/span><\/p>\t\t\t\t\t\t\t\t<\/div>\n\t\t\t\t\t<\/div>\n\t\t<\/div>\n\t\t\t\t<div class=\"elementor-column elementor-col-50 elementor-inner-column elementor-element elementor-element-33f92ef\" data-id=\"33f92ef\" data-element_type=\"column\">\n\t\t\t<div class=\"elementor-widget-wrap elementor-element-populated\">\n\t\t\t\t\t\t<div class=\"elementor-element elementor-element-22e00ce elementor-widget elementor-widget-image\" data-id=\"22e00ce\" data-element_type=\"widget\" data-widget_type=\"image.default\">\n\t\t\t\t\t\t\t\t\t\t\t\t\t\t\t<img fetchpriority=\"high\" decoding=\"async\" width=\"649\" height=\"735\" src=\"https:\/\/lfs.tax\/wp-content\/uploads\/2023\/10\/newteam1-2.jpg\" class=\"attachment-full size-full wp-image-7242\" alt=\"Fernanda Lai\u00fan- Socia\" srcset=\"https:\/\/lfs.tax\/wp-content\/uploads\/2023\/10\/newteam1-2.jpg 649w, https:\/\/lfs.tax\/wp-content\/uploads\/2023\/10\/newteam1-2-265x300.jpg 265w\" sizes=\"(max-width: 649px) 100vw, 649px\" \/>\t\t\t\t\t\t\t\t\t\t\t\t\t\t\t<\/div>\n\t\t\t\t<div class=\"elementor-element elementor-element-707becc elementor-widget elementor-widget-heading\" data-id=\"707becc\" data-element_type=\"widget\" data-widget_type=\"heading.default\">\n\t\t\t\t\t<h6 class=\"elementor-heading-title elementor-size-medium\">M\u00e1s info<\/h6>\t\t\t\t<\/div>\n\t\t\t\t<div class=\"elementor-element elementor-element-ed76277 e-grid-align-left elementor-shape-rounded elementor-grid-0 elementor-widget elementor-widget-social-icons\" data-id=\"ed76277\" data-element_type=\"widget\" data-widget_type=\"social-icons.default\">\n\t\t\t\t\t\t\t<div class=\"elementor-social-icons-wrapper elementor-grid\">\n\t\t\t\t\t\t\t<span class=\"elementor-grid-item\">\n\t\t\t\t\t<a class=\"elementor-icon elementor-social-icon elementor-social-icon-linkedin elementor-animation-pulse elementor-repeater-item-ba755ef\" href=\"https:\/\/www.linkedin.com\/in\/fernandalaiun\/\" target=\"_blank\" rel=\"noopener\">\n\t\t\t\t\t\t<span class=\"elementor-screen-only\">Linkedin<\/span>\n\t\t\t\t\t\t<i class=\"fab fa-linkedin\"><\/i>\t\t\t\t\t<\/a>\n\t\t\t\t<\/span>\n\t\t\t\t\t\t\t<span class=\"elementor-grid-item\">\n\t\t\t\t\t<a class=\"elementor-icon elementor-social-icon elementor-social-icon-list-alt elementor-animation-pulse elementor-repeater-item-ef4b709\" href=\"https:\/\/lfs.tax\/tag\/laiun\/\">\n\t\t\t\t\t\t<span class=\"elementor-screen-only\">List-alt<\/span>\n\t\t\t\t\t\t<i class=\"fas fa-list-alt\"><\/i>\t\t\t\t\t<\/a>\n\t\t\t\t<\/span>\n\t\t\t\t\t<\/div>\n\t\t\t\t\t\t<\/div>\n\t\t\t\t\t<\/div>\n\t\t<\/div>\n\t\t\t\t\t<\/div>\n\t\t<\/div>\n\t\t\t\t<\/div>\n\t\t","protected":false},"excerpt":{"rendered":"<p>Fernanda Lai\u00fan SOCIA Fernanda Lai\u00fan es fundadora y managing partner de LFS desde 2013. Se destaca en el \u00e1rea de Precios de Transferencia e Impuestos, y los clientes la buscan por su capacidad de acompa\u00f1arlos en la toma de decisiones, contemplando el factor impositivo que les permite lograr los objetivos de negocio, as\u00ed como la [&hellip;]<\/p>\n","protected":false},"author":1,"featured_media":0,"parent":0,"menu_order":0,"comment_status":"closed","ping_status":"closed","template":"","meta":{"_acf_changed":false,"_monsterinsights_skip_tracking":false,"_monsterinsights_sitenote_active":false,"_monsterinsights_sitenote_note":"","_monsterinsights_sitenote_category":0,"footnotes":""},"class_list":["post-8198","page","type-page","status-publish","hentry"],"acf":[],"_links":{"self":[{"href":"https:\/\/lfs.tax\/es\/wp-json\/wp\/v2\/pages\/8198","targetHints":{"allow":["GET"]}}],"collection":[{"href":"https:\/\/lfs.tax\/es\/wp-json\/wp\/v2\/pages"}],"about":[{"href":"https:\/\/lfs.tax\/es\/wp-json\/wp\/v2\/types\/page"}],"author":[{"embeddable":true,"href":"https:\/\/lfs.tax\/es\/wp-json\/wp\/v2\/users\/1"}],"replies":[{"embeddable":true,"href":"https:\/\/lfs.tax\/es\/wp-json\/wp\/v2\/comments?post=8198"}],"version-history":[{"count":66,"href":"https:\/\/lfs.tax\/es\/wp-json\/wp\/v2\/pages\/8198\/revisions"}],"predecessor-version":[{"id":12263,"href":"https:\/\/lfs.tax\/es\/wp-json\/wp\/v2\/pages\/8198\/revisions\/12263"}],"wp:attachment":[{"href":"https:\/\/lfs.tax\/es\/wp-json\/wp\/v2\/media?parent=8198"}],"curies":[{"name":"wp","href":"https:\/\/api.w.org\/{rel}","templated":true}]}}