{"id":5150,"date":"2022-06-23T03:56:52","date_gmt":"2022-06-23T03:56:52","guid":{"rendered":"http:\/\/gfxpartner.com\/rodio\/?page_id=5150"},"modified":"2025-10-01T14:36:33","modified_gmt":"2025-10-01T17:36:33","slug":"servicios","status":"publish","type":"page","link":"https:\/\/lfs.tax\/es\/servicios\/","title":{"rendered":"Servicios"},"content":{"rendered":"\t\t<div data-elementor-type=\"wp-page\" data-elementor-id=\"5150\" class=\"elementor elementor-5150\">\n\t\t\t\t\t\t<div class=\" elementor-section elementor-top-section elementor-element elementor-element-31093bc elementor-section-boxed elementor-section-height-default elementor-section-height-default\" data-id=\"31093bc\" data-element_type=\"section\">\n\t\t\t\t\t\t<div class=\"elementor-container elementor-column-gap-default\">\n\t\t\t\t\t<div class=\"elementor-column elementor-col-100 elementor-top-column elementor-element elementor-element-fab4a0c animated-slow elementor-invisible\" data-id=\"fab4a0c\" data-element_type=\"column\" data-settings=\"{&quot;animation&quot;:&quot;fadeInUp&quot;}\">\n\t\t\t<div class=\"elementor-widget-wrap elementor-element-populated\">\n\t\t\t\t\t\t<div class=\"elementor-element elementor-element-b780c1d elementor-widget elementor-widget-rodio_heading\" data-id=\"b780c1d\" data-element_type=\"widget\" data-widget_type=\"rodio_heading.default\">\n\t\t\t\t<div class=\"elementor-widget-container\">\n\t\t\t\t\t\t<div class=\"heading normal\">\n        Buscamos dar un servicio especializado y adaptado a cada cliente, a sus necesidades y a su forma de trabajo    <\/div>\n\t\t\t\t\t<\/div>\n\t\t\t\t<\/div>\n\t\t\t\t<div class=\"elementor-element elementor-element-d06513e elementor-widget elementor-widget-rodio_tabs\" data-id=\"d06513e\" data-element_type=\"widget\" data-widget_type=\"rodio_tabs.default\">\n\t\t\t\t<div class=\"elementor-widget-container\">\n\t\t\t\t\t    <div class=\"rodio-tabs tab-landscape\">\r\n        <div class=\"rodio-tabs-inner\">\r\n            <div class=\"row gx-5\">\r\n                <!-- tab links - start -->\r\n                <div\r\n                class=\"col-lg-12\"                >\r\n                    <ul \r\n                        class=\"nav nav-tabs mobile-hidden \" id=\"tab-container-d06513e\" role=\"tablist\"                    >\r\n                            <li \r\n        class=\"nav-item \" \r\n        role=\"presentation\"\r\n    >\r\n        <button \r\n            class=\"nav-link active\" \r\n            id=\"rodio-tab-bbed5c0\" \r\n            data-value=\"rodio-tab-bbed5c0\"\r\n            data-bs-toggle=\"tab\" \r\n            data-bs-target=\"#rodio-target-bbed5c0\" \r\n            type=\"button\" \r\n            role=\"tab\" \r\n            aria-controls=\"rodio-target-bbed5c0\" \r\n            aria-selected=\"true\"\r\n            data-selected        >\r\n            <span class=\"icon-wrapper\">\r\n                <i aria-hidden=\"true\" class=\"icon fas fa-globe-africa\"><\/i>            <\/span>\r\n            <span class=\"button-list-text\">Precios de Transferencia<\/span>\r\n\r\n        <\/button>\r\n    <\/li>\r\n    <li \r\n        class=\"nav-item \" \r\n        role=\"presentation\"\r\n    >\r\n        <button \r\n            class=\"nav-link \" \r\n            id=\"rodio-tab-f2b44c2\" \r\n            data-value=\"rodio-tab-f2b44c2\"\r\n            data-bs-toggle=\"tab\" \r\n            data-bs-target=\"#rodio-target-f2b44c2\" \r\n            type=\"button\" \r\n            role=\"tab\" \r\n            aria-controls=\"rodio-target-f2b44c2\" \r\n            aria-selected=\"false\"\r\n                    >\r\n            <span class=\"icon-wrapper\">\r\n                <i aria-hidden=\"true\" class=\"icon fas fa-hand-holding-usd\"><\/i>            <\/span>\r\n            <span class=\"button-list-text\">Impuestos<\/span>\r\n\r\n        <\/button>\r\n    <\/li>\r\n    <li \r\n        class=\"nav-item \" \r\n        role=\"presentation\"\r\n    >\r\n        <button \r\n            class=\"nav-link \" \r\n            id=\"rodio-tab-2204628\" \r\n            data-value=\"rodio-tab-2204628\"\r\n            data-bs-toggle=\"tab\" \r\n            data-bs-target=\"#rodio-target-2204628\" \r\n            type=\"button\" \r\n            role=\"tab\" \r\n            aria-controls=\"rodio-target-2204628\" \r\n            aria-selected=\"false\"\r\n                    >\r\n            <span class=\"icon-wrapper\">\r\n                <i aria-hidden=\"true\" class=\"icon fab fa-houzz\"><\/i>            <\/span>\r\n            <span class=\"button-list-text\">Valuaci\u00f3n de Empresas<\/span>\r\n\r\n        <\/button>\r\n    <\/li>\r\n                    <\/ul>\r\n                                        <select data-source-selector=\"li button\" data-source-target=\"#tab-container-d06513e\">\r\n                                                        <option \r\n                                value=\"rodio-tab-bbed5c0\"\r\n                                selected data-selected                                >\r\n                                    &nbsp;\r\n                                <\/option>\r\n                                                                <option \r\n                                value=\"rodio-tab-f2b44c2\"\r\n                                                                >\r\n                                    &nbsp;\r\n                                <\/option>\r\n                                                                <option \r\n                                value=\"rodio-tab-2204628\"\r\n                                                                >\r\n                                    &nbsp;\r\n                                <\/option>\r\n                                                    <\/select>\r\n                                    <\/div>\r\n                <!-- tab links - end -->\r\n                <!-- tab panes - start -->\r\n                <div class=\"col-lg-12\">\r\n                    <div class=\"tab-content\">\r\n                            <div \r\n        class=\"tab-pane active first-render elementor-repeater-item-bbed5c0 tab-template\" \r\n        id=\"rodio-target-bbed5c0\" \r\n        role=\"tabpanel\" \r\n        aria-labelledby=\"rodio-tab-bbed5c0\">\r\n                        <div class=\"tab-pane-inner\">\r\n                \t\t<div data-elementor-type=\"section\" data-elementor-id=\"619\" class=\"elementor elementor-619\">\n\t\t\t\t\t\t<div class=\" elementor-section elementor-top-section elementor-element elementor-element-6a8caa7 elementor-section-boxed elementor-section-height-default elementor-section-height-default\" data-id=\"6a8caa7\" data-element_type=\"section\" data-settings=\"{&quot;background_background&quot;:&quot;classic&quot;}\">\n\t\t\t\t\t\t<div class=\"elementor-container elementor-column-gap-wider\">\n\t\t\t\t\t<div class=\"elementor-column elementor-col-100 elementor-top-column elementor-element elementor-element-331de44\" data-id=\"331de44\" data-element_type=\"column\">\n\t\t\t<div class=\"elementor-widget-wrap elementor-element-populated\">\n\t\t\t\t\t\t<div class=\"elementor-element elementor-element-d3d1bd1 elementor-widget elementor-widget-rodio_heading\" data-id=\"d3d1bd1\" data-element_type=\"widget\" data-widget_type=\"rodio_heading.default\">\n\t\t\t\t<div class=\"elementor-widget-container\">\n\t\t\t\t\t\t<div class=\"heading normal\">\n        Precios de Transferencia    <\/div>\n\t\t\t\t\t<\/div>\n\t\t\t\t<\/div>\n\t\t\t\t<div class=\"elementor-element elementor-element-4d58255 elementor-widget elementor-widget-text-editor\" data-id=\"4d58255\" data-element_type=\"widget\" data-widget_type=\"text-editor.default\">\n\t\t\t\t\t\t\t\t\t<p>En el contexto econ\u00f3mico actual, los negocios necesitan traspasar las fronteras para desarrollarse, lo que genera la necesidad de adaptaci\u00f3n y conocimiento de las normas de Precios de Transferencia a nivel global.<\/p>\t\t\t\t\t\t\t\t<\/div>\n\t\t\t\t<div class=\"elementor-element elementor-element-9c63860 elementor-widget elementor-widget-text-editor\" data-id=\"9c63860\" data-element_type=\"widget\" data-widget_type=\"text-editor.default\">\n\t\t\t\t\t\t\t\t\t<p>Gracias a nuestro equipo multidisciplinario especializado exclusivamente en la materia, tenemos la capacidad de brindar el asesoramiento que requieren los procesos de internacionalizaci\u00f3n y reestructuraci\u00f3n de las empresas.<\/p>\t\t\t\t\t\t\t\t<\/div>\n\t\t\t\t<div class=\"elementor-element elementor-element-4818aaa elementor-widget elementor-widget-text-editor\" data-id=\"4818aaa\" data-element_type=\"widget\" data-widget_type=\"text-editor.default\">\n\t\t\t\t\t\t\t\t\t<p>En particular, podemos ocuparnos de las siguientes acciones para los distintos pa\u00edses de la regi\u00f3n:<\/p>\t\t\t\t\t\t\t\t<\/div>\n\t\t\t\t<div class=\"elementor-element elementor-element-736b16b elementor-icon-list--layout-traditional elementor-list-item-link-full_width elementor-widget elementor-widget-icon-list\" data-id=\"736b16b\" data-element_type=\"widget\" data-widget_type=\"icon-list.default\">\n\t\t\t\t\t\t\t<ul class=\"elementor-icon-list-items\">\n\t\t\t\t\t\t\t<li class=\"elementor-icon-list-item\">\n\t\t\t\t\t\t\t\t\t\t\t<span class=\"elementor-icon-list-icon\">\n\t\t\t\t\t\t\t<i aria-hidden=\"true\" class=\"fas fa-check\"><\/i>\t\t\t\t\t\t<\/span>\n\t\t\t\t\t\t\t\t\t\t<span class=\"elementor-icon-list-text\">Asistencia en la elaboraci\u00f3n de la documentaci\u00f3n requerida para el cumplimiento formal.<\/span>\n\t\t\t\t\t\t\t\t\t<\/li>\n\t\t\t\t\t\t\t\t<li class=\"elementor-icon-list-item\">\n\t\t\t\t\t\t\t\t\t\t\t<span class=\"elementor-icon-list-icon\">\n\t\t\t\t\t\t\t<i aria-hidden=\"true\" class=\"fas fa-check\"><\/i>\t\t\t\t\t\t<\/span>\n\t\t\t\t\t\t\t\t\t\t<span class=\"elementor-icon-list-text\">Informe Maestro (Master File).<\/span>\n\t\t\t\t\t\t\t\t\t<\/li>\n\t\t\t\t\t\t\t\t<li class=\"elementor-icon-list-item\">\n\t\t\t\t\t\t\t\t\t\t\t<span class=\"elementor-icon-list-icon\">\n\t\t\t\t\t\t\t<i aria-hidden=\"true\" class=\"fas fa-check\"><\/i>\t\t\t\t\t\t<\/span>\n\t\t\t\t\t\t\t\t\t\t<span class=\"elementor-icon-list-text\">Informe local de Precios de Transferencia.<\/span>\n\t\t\t\t\t\t\t\t\t<\/li>\n\t\t\t\t\t\t\t\t<li class=\"elementor-icon-list-item\">\n\t\t\t\t\t\t\t\t\t\t\t<span class=\"elementor-icon-list-icon\">\n\t\t\t\t\t\t\t<i aria-hidden=\"true\" class=\"fas fa-check\"><\/i>\t\t\t\t\t\t<\/span>\n\t\t\t\t\t\t\t\t\t\t<span class=\"elementor-icon-list-text\">Informe pa\u00eds por pa\u00eds (Country by Country Report).<\/span>\n\t\t\t\t\t\t\t\t\t<\/li>\n\t\t\t\t\t\t\t\t<li class=\"elementor-icon-list-item\">\n\t\t\t\t\t\t\t\t\t\t\t<span class=\"elementor-icon-list-icon\">\n\t\t\t\t\t\t\t<i aria-hidden=\"true\" class=\"fas fa-check\"><\/i>\t\t\t\t\t\t<\/span>\n\t\t\t\t\t\t\t\t\t\t<span class=\"elementor-icon-list-text\">Dise\u00f1o y elaboraci\u00f3n de pol\u00edticas de Precios de Transferencia.<\/span>\n\t\t\t\t\t\t\t\t\t<\/li>\n\t\t\t\t\t\t\t\t<li class=\"elementor-icon-list-item\">\n\t\t\t\t\t\t\t\t\t\t\t<span class=\"elementor-icon-list-icon\">\n\t\t\t\t\t\t\t<i aria-hidden=\"true\" class=\"fas fa-check\"><\/i>\t\t\t\t\t\t<\/span>\n\t\t\t\t\t\t\t\t\t\t<span class=\"elementor-icon-list-text\">Armado y gesti\u00f3n de acuerdos anticipados de precios ante administraciones fiscales.<\/span>\n\t\t\t\t\t\t\t\t\t<\/li>\n\t\t\t\t\t\t\t\t<li class=\"elementor-icon-list-item\">\n\t\t\t\t\t\t\t\t\t\t\t<span class=\"elementor-icon-list-icon\">\n\t\t\t\t\t\t\t<i aria-hidden=\"true\" class=\"fas fa-check\"><\/i>\t\t\t\t\t\t<\/span>\n\t\t\t\t\t\t\t\t\t\t<span class=\"elementor-icon-list-text\">Asesoramiento en estrategias de defensa en instancias administrativas y judiciales.<\/span>\n\t\t\t\t\t\t\t\t\t<\/li>\n\t\t\t\t\t\t\t\t<li class=\"elementor-icon-list-item\">\n\t\t\t\t\t\t\t\t\t\t\t<span class=\"elementor-icon-list-icon\">\n\t\t\t\t\t\t\t<i aria-hidden=\"true\" class=\"fas fa-check\"><\/i>\t\t\t\t\t\t<\/span>\n\t\t\t\t\t\t\t\t\t\t<span class=\"elementor-icon-list-text\">Valoraci\u00f3n de intangibles.<\/span>\n\t\t\t\t\t\t\t\t\t<\/li>\n\t\t\t\t\t\t\t\t<li class=\"elementor-icon-list-item\">\n\t\t\t\t\t\t\t\t\t\t\t<span class=\"elementor-icon-list-icon\">\n\t\t\t\t\t\t\t<i aria-hidden=\"true\" class=\"fas fa-check\"><\/i>\t\t\t\t\t\t<\/span>\n\t\t\t\t\t\t\t\t\t\t<span class=\"elementor-icon-list-text\">Consultor\u00eda sobre transacciones con intermediarios y de commodities.<\/span>\n\t\t\t\t\t\t\t\t\t<\/li>\n\t\t\t\t\t\t\t\t<li class=\"elementor-icon-list-item\">\n\t\t\t\t\t\t\t\t\t\t\t<span class=\"elementor-icon-list-icon\">\n\t\t\t\t\t\t\t<i aria-hidden=\"true\" class=\"fas fa-check\"><\/i>\t\t\t\t\t\t<\/span>\n\t\t\t\t\t\t\t\t\t\t<span class=\"elementor-icon-list-text\">Consultor\u00eda Integraci\u00f3n de las normas de Precios de Transferencia e impuestos corporativos. transacciones con intermediarios y de commodities.<\/span>\n\t\t\t\t\t\t\t\t\t<\/li>\n\t\t\t\t\t\t<\/ul>\n\t\t\t\t\t\t<\/div>\n\t\t\t\t\t<\/div>\n\t\t<\/div>\n\t\t\t\t\t<\/div>\n\t\t<\/div>\n\t\t\t\t<\/div>\n\t\t                <\/div>\r\n                    \r\n    <\/div>\r\n    <div \r\n        class=\"tab-pane  elementor-repeater-item-f2b44c2 tab-template\" \r\n        id=\"rodio-target-f2b44c2\" \r\n        role=\"tabpanel\" \r\n        aria-labelledby=\"rodio-tab-f2b44c2\">\r\n                        <div class=\"tab-pane-inner\">\r\n                \t\t<div data-elementor-type=\"section\" data-elementor-id=\"5313\" class=\"elementor elementor-5313\">\n\t\t\t\t\t\t<div class=\" elementor-section elementor-top-section elementor-element elementor-element-dc6afd5 elementor-section-boxed elementor-section-height-default elementor-section-height-default\" data-id=\"dc6afd5\" data-element_type=\"section\" data-settings=\"{&quot;background_background&quot;:&quot;classic&quot;}\">\n\t\t\t\t\t\t<div class=\"elementor-container elementor-column-gap-wider\">\n\t\t\t\t\t<div class=\"elementor-column elementor-col-100 elementor-top-column elementor-element elementor-element-4cac9bf\" data-id=\"4cac9bf\" data-element_type=\"column\">\n\t\t\t<div class=\"elementor-widget-wrap elementor-element-populated\">\n\t\t\t\t\t\t<div class=\"elementor-element elementor-element-343cc94 elementor-widget elementor-widget-rodio_heading\" data-id=\"343cc94\" data-element_type=\"widget\" data-widget_type=\"rodio_heading.default\">\n\t\t\t\t<div class=\"elementor-widget-container\">\n\t\t\t\t\t\t<div class=\"heading normal\">\n        Impuestos    <\/div>\n\t\t\t\t\t<\/div>\n\t\t\t\t<\/div>\n\t\t\t\t<div class=\"elementor-element elementor-element-65cf8c3 elementor-widget elementor-widget-text-editor\" data-id=\"65cf8c3\" data-element_type=\"widget\" data-widget_type=\"text-editor.default\">\n\t\t\t\t\t\t\t\t\t<p>La pr\u00e1ctica tributaria en Argentina es cambiante y compleja, por eso hemos decidido poner todos nuestros esfuerzos en una especializaci\u00f3n constante que nos permita brindar un asesoramiento preciso, \u00e1gil y personalizado a las necesidades de cada cliente y su perspectiva de negocio<\/p>\t\t\t\t\t\t\t\t<\/div>\n\t\t\t\t<div class=\"elementor-element elementor-element-b6f4ce4 elementor-icon-list--layout-traditional elementor-list-item-link-full_width elementor-widget elementor-widget-icon-list\" data-id=\"b6f4ce4\" data-element_type=\"widget\" data-widget_type=\"icon-list.default\">\n\t\t\t\t\t\t\t<ul class=\"elementor-icon-list-items\">\n\t\t\t\t\t\t\t<li class=\"elementor-icon-list-item\">\n\t\t\t\t\t\t\t\t\t\t\t<span class=\"elementor-icon-list-icon\">\n\t\t\t\t\t\t\t<i aria-hidden=\"true\" class=\"fas fa-check\"><\/i>\t\t\t\t\t\t<\/span>\n\t\t\t\t\t\t\t\t\t\t<span class=\"elementor-icon-list-text\">Consultor\u00eda en impuestos directos e indirectos.<\/span>\n\t\t\t\t\t\t\t\t\t<\/li>\n\t\t\t\t\t\t\t\t<li class=\"elementor-icon-list-item\">\n\t\t\t\t\t\t\t\t\t\t\t<span class=\"elementor-icon-list-icon\">\n\t\t\t\t\t\t\t<i aria-hidden=\"true\" class=\"fas fa-check\"><\/i>\t\t\t\t\t\t<\/span>\n\t\t\t\t\t\t\t\t\t\t<span class=\"elementor-icon-list-text\">Asistencia en fiscalizaciones integrales y discusiones administrativas.<\/span>\n\t\t\t\t\t\t\t\t\t<\/li>\n\t\t\t\t\t\t\t\t<li class=\"elementor-icon-list-item\">\n\t\t\t\t\t\t\t\t\t\t\t<span class=\"elementor-icon-list-icon\">\n\t\t\t\t\t\t\t<i aria-hidden=\"true\" class=\"fas fa-check\"><\/i>\t\t\t\t\t\t<\/span>\n\t\t\t\t\t\t\t\t\t\t<span class=\"elementor-icon-list-text\">Due Diligence en materia impositiva.<\/span>\n\t\t\t\t\t\t\t\t\t<\/li>\n\t\t\t\t\t\t\t\t<li class=\"elementor-icon-list-item\">\n\t\t\t\t\t\t\t\t\t\t\t<span class=\"elementor-icon-list-icon\">\n\t\t\t\t\t\t\t<i aria-hidden=\"true\" class=\"fas fa-check\"><\/i>\t\t\t\t\t\t<\/span>\n\t\t\t\t\t\t\t\t\t\t<span class=\"elementor-icon-list-text\">Asistencia en el cumplimiento formal operativo.<\/span>\n\t\t\t\t\t\t\t\t\t<\/li>\n\t\t\t\t\t\t\t\t<li class=\"elementor-icon-list-item\">\n\t\t\t\t\t\t\t\t\t\t\t<span class=\"elementor-icon-list-icon\">\n\t\t\t\t\t\t\t<i aria-hidden=\"true\" class=\"fas fa-check\"><\/i>\t\t\t\t\t\t<\/span>\n\t\t\t\t\t\t\t\t\t\t<span class=\"elementor-icon-list-text\">Entrenamiento a los equipos in-house.<\/span>\n\t\t\t\t\t\t\t\t\t<\/li>\n\t\t\t\t\t\t\t\t<li class=\"elementor-icon-list-item\">\n\t\t\t\t\t\t\t\t\t\t\t<span class=\"elementor-icon-list-icon\">\n\t\t\t\t\t\t\t<i aria-hidden=\"true\" class=\"fas fa-check\"><\/i>\t\t\t\t\t\t<\/span>\n\t\t\t\t\t\t\t\t\t\t<span class=\"elementor-icon-list-text\">Integraci\u00f3n de las normas de Precios de Transferencia e impuestos corporativos.<\/span>\n\t\t\t\t\t\t\t\t\t<\/li>\n\t\t\t\t\t\t<\/ul>\n\t\t\t\t\t\t<\/div>\n\t\t\t\t\t<\/div>\n\t\t<\/div>\n\t\t\t\t\t<\/div>\n\t\t<\/div>\n\t\t\t\t<\/div>\n\t\t                <\/div>\r\n                    \r\n    <\/div>\r\n    <div \r\n        class=\"tab-pane  elementor-repeater-item-2204628 tab-template\" \r\n        id=\"rodio-target-2204628\" \r\n        role=\"tabpanel\" \r\n        aria-labelledby=\"rodio-tab-2204628\">\r\n                        <div class=\"tab-pane-inner\">\r\n                \t\t<div data-elementor-type=\"section\" data-elementor-id=\"5334\" class=\"elementor elementor-5334\">\n\t\t\t\t\t\t<div class=\" elementor-section elementor-top-section elementor-element elementor-element-e42421f elementor-section-boxed elementor-section-height-default elementor-section-height-default\" data-id=\"e42421f\" data-element_type=\"section\" data-settings=\"{&quot;background_background&quot;:&quot;classic&quot;}\">\n\t\t\t\t\t\t<div class=\"elementor-container elementor-column-gap-wider\">\n\t\t\t\t\t<div class=\"elementor-column elementor-col-100 elementor-top-column elementor-element elementor-element-ec0a9ab\" data-id=\"ec0a9ab\" data-element_type=\"column\">\n\t\t\t<div class=\"elementor-widget-wrap elementor-element-populated\">\n\t\t\t\t\t\t<div class=\"elementor-element elementor-element-b240557 elementor-widget elementor-widget-rodio_heading\" data-id=\"b240557\" data-element_type=\"widget\" data-widget_type=\"rodio_heading.default\">\n\t\t\t\t<div class=\"elementor-widget-container\">\n\t\t\t\t\t\t<div class=\"heading normal\">\n        Valuaci\u00f3n de empresas    <\/div>\n\t\t\t\t\t<\/div>\n\t\t\t\t<\/div>\n\t\t\t\t<div class=\"elementor-element elementor-element-ff595b4 elementor-widget elementor-widget-text-editor\" data-id=\"ff595b4\" data-element_type=\"widget\" data-widget_type=\"text-editor.default\">\n\t\t\t\t\t\t\t\t\t<p>Realizamos valuaciones independientes de sociedades, negocios y activos empresariales, partiendo de un an\u00e1lisis de la actividad econ\u00f3mica de la empresa, las expectativas de mercado y cada cadena de generaci\u00f3n de valor.<\/p>\t\t\t\t\t\t\t\t<\/div>\n\t\t\t\t<div class=\"elementor-element elementor-element-c698331 elementor-widget elementor-widget-text-editor\" data-id=\"c698331\" data-element_type=\"widget\" data-widget_type=\"text-editor.default\">\n\t\t\t\t\t\t\t\t\t<p>Nuestro objetivo es brindar informaci\u00f3n de calidad para que las empresas puedan tomar decisiones respecto a sus activos y potenciales operaciones.<\/p>\t\t\t\t\t\t\t\t<\/div>\n\t\t\t\t<div class=\"elementor-element elementor-element-c13fb3f elementor-widget elementor-widget-text-editor\" data-id=\"c13fb3f\" data-element_type=\"widget\" data-widget_type=\"text-editor.default\">\n\t\t\t\t\t\t\t\t\t<p>Los servicios de valuaci\u00f3n est\u00e1n referidos a las siguientes \u00e1reas:<\/p>\t\t\t\t\t\t\t\t<\/div>\n\t\t\t\t<div class=\"elementor-element elementor-element-678568c elementor-icon-list--layout-traditional elementor-list-item-link-full_width elementor-widget elementor-widget-icon-list\" data-id=\"678568c\" data-element_type=\"widget\" data-widget_type=\"icon-list.default\">\n\t\t\t\t\t\t\t<ul class=\"elementor-icon-list-items\">\n\t\t\t\t\t\t\t<li class=\"elementor-icon-list-item\">\n\t\t\t\t\t\t\t\t\t\t\t<span class=\"elementor-icon-list-icon\">\n\t\t\t\t\t\t\t<i aria-hidden=\"true\" class=\"fas fa-check\"><\/i>\t\t\t\t\t\t<\/span>\n\t\t\t\t\t\t\t\t\t\t<span class=\"elementor-icon-list-text\">Valuaci\u00f3n de sociedades por aplicaci\u00f3n de venta indirecta de bienes en Argentina.<\/span>\n\t\t\t\t\t\t\t\t\t<\/li>\n\t\t\t\t\t\t\t\t<li class=\"elementor-icon-list-item\">\n\t\t\t\t\t\t\t\t\t\t\t<span class=\"elementor-icon-list-icon\">\n\t\t\t\t\t\t\t<i aria-hidden=\"true\" class=\"fas fa-check\"><\/i>\t\t\t\t\t\t<\/span>\n\t\t\t\t\t\t\t\t\t\t<span class=\"elementor-icon-list-text\">Determinaci\u00f3n de tasas de inter\u00e9s del mercado para aplicar disposiciones de fondos.<\/span>\n\t\t\t\t\t\t\t\t\t<\/li>\n\t\t\t\t\t\t\t\t<li class=\"elementor-icon-list-item\">\n\t\t\t\t\t\t\t\t\t\t\t<span class=\"elementor-icon-list-icon\">\n\t\t\t\t\t\t\t<i aria-hidden=\"true\" class=\"fas fa-check\"><\/i>\t\t\t\t\t\t<\/span>\n\t\t\t\t\t\t\t\t\t\t<span class=\"elementor-icon-list-text\">Determinaci\u00f3n de valores te\u00f3ricos de mercado a partir de m\u00e9todos tradicionales de valuaci\u00f3n.<\/span>\n\t\t\t\t\t\t\t\t\t<\/li>\n\t\t\t\t\t\t\t\t<li class=\"elementor-icon-list-item\">\n\t\t\t\t\t\t\t\t\t\t\t<span class=\"elementor-icon-list-icon\">\n\t\t\t\t\t\t\t<i aria-hidden=\"true\" class=\"fas fa-check\"><\/i>\t\t\t\t\t\t<\/span>\n\t\t\t\t\t\t\t\t\t\t<span class=\"elementor-icon-list-text\">Valuaci\u00f3n de intangibles adquiridos y autogenerados.<\/span>\n\t\t\t\t\t\t\t\t\t<\/li>\n\t\t\t\t\t\t\t\t<li class=\"elementor-icon-list-item\">\n\t\t\t\t\t\t\t\t\t\t\t<span class=\"elementor-icon-list-icon\">\n\t\t\t\t\t\t\t<i aria-hidden=\"true\" class=\"fas fa-check\"><\/i>\t\t\t\t\t\t<\/span>\n\t\t\t\t\t\t\t\t\t\t<span class=\"elementor-icon-list-text\">Conocimiento de las claves del valor de la empresa para hacerla crecer en forma s\u00f3lida.<\/span>\n\t\t\t\t\t\t\t\t\t<\/li>\n\t\t\t\t\t\t<\/ul>\n\t\t\t\t\t\t<\/div>\n\t\t\t\t\t<\/div>\n\t\t<\/div>\n\t\t\t\t\t<\/div>\n\t\t<\/div>\n\t\t\t\t<\/div>\n\t\t                <\/div>\r\n                    \r\n    <\/div>\r\n                    <\/div>\r\n                <\/div>\r\n                <!-- tab panes - end -->\r\n            <\/div>\r\n        <\/div>\r\n    <\/div>\r\n    \t\t\t\t<\/div>\n\t\t\t\t<\/div>\n\t\t\t\t\t<\/div>\n\t\t<\/div>\n\t\t\t\t\t<\/div>\n\t\t<\/div>\n\t\t\t\t<\/div>\n\t\t","protected":false},"excerpt":{"rendered":"<p>Buscamos dar un servicio especializado y adaptado a cada cliente, a sus necesidades y a su forma de trabajo Precios de Transferencia Impuestos Valuaci\u00f3n de Empresas &nbsp; &nbsp; &nbsp; Precios de Transferencia En el contexto econ\u00f3mico actual, los negocios necesitan traspasar las fronteras para desarrollarse, lo que genera la necesidad de adaptaci\u00f3n y conocimiento de [&hellip;]<\/p>\n","protected":false},"author":1,"featured_media":0,"parent":0,"menu_order":0,"comment_status":"closed","ping_status":"closed","template":"","meta":{"_acf_changed":false,"_monsterinsights_skip_tracking":false,"_monsterinsights_sitenote_active":false,"_monsterinsights_sitenote_note":"","_monsterinsights_sitenote_category":0,"footnotes":""},"class_list":["post-5150","page","type-page","status-publish","hentry"],"acf":[],"_links":{"self":[{"href":"https:\/\/lfs.tax\/es\/wp-json\/wp\/v2\/pages\/5150","targetHints":{"allow":["GET"]}}],"collection":[{"href":"https:\/\/lfs.tax\/es\/wp-json\/wp\/v2\/pages"}],"about":[{"href":"https:\/\/lfs.tax\/es\/wp-json\/wp\/v2\/types\/page"}],"author":[{"embeddable":true,"href":"https:\/\/lfs.tax\/es\/wp-json\/wp\/v2\/users\/1"}],"replies":[{"embeddable":true,"href":"https:\/\/lfs.tax\/es\/wp-json\/wp\/v2\/comments?post=5150"}],"version-history":[{"count":35,"href":"https:\/\/lfs.tax\/es\/wp-json\/wp\/v2\/pages\/5150\/revisions"}],"predecessor-version":[{"id":11902,"href":"https:\/\/lfs.tax\/es\/wp-json\/wp\/v2\/pages\/5150\/revisions\/11902"}],"wp:attachment":[{"href":"https:\/\/lfs.tax\/es\/wp-json\/wp\/v2\/media?parent=5150"}],"curies":[{"name":"wp","href":"https:\/\/api.w.org\/{rel}","templated":true}]}}